{"id":598,"date":"2023-11-10T13:48:32","date_gmt":"2023-11-10T13:48:32","guid":{"rendered":"https:\/\/divasinsumos.com.ar\/?post_type=product&#038;p=598"},"modified":"2023-11-10T18:19:04","modified_gmt":"2023-11-10T18:19:04","slug":"removedor-de-pegamento-liquido-navina-extension-pestana-15ml","status":"publish","type":"product","link":"https:\/\/divasinsumos.com.ar\/index.php\/producto\/removedor-de-pegamento-liquido-navina-extension-pestana-15ml\/","title":{"rendered":"Removedor De Pegamento L\u00edquido Navina Extensi\u00f3n Pesta\u00f1a 15ml"},"content":{"rendered":"","protected":false},"excerpt":{"rendered":"","protected":false},"featured_media":554,"comment_status":"open","ping_status":"closed","template":"","meta":{"_et_pb_use_builder":"","_et_pb_old_content":"","_et_gb_content_width":"","_joinchat":[]},"product_brand":[],"product_cat":[79],"product_tag":[],"class_list":{"0":"post-598","1":"product","2":"type-product","3":"status-publish","4":"has-post-thumbnail","6":"product_cat-pestanas","8":"first","9":"instock","10":"shipping-taxable","11":"purchasable","12":"product-type-simple"},"_links":{"self":[{"href":"https:\/\/divasinsumos.com.ar\/index.php\/wp-json\/wp\/v2\/product\/598","targetHints":{"allow":["GET"]}}],"collection":[{"href":"https:\/\/divasinsumos.com.ar\/index.php\/wp-json\/wp\/v2\/product"}],"about":[{"href":"https:\/\/divasinsumos.com.ar\/index.php\/wp-json\/wp\/v2\/types\/product"}],"replies":[{"embeddable":true,"href":"https:\/\/divasinsumos.com.ar\/index.php\/wp-json\/wp\/v2\/comments?post=598"}],"wp:featuredmedia":[{"embeddable":true,"href":"https:\/\/divasinsumos.com.ar\/index.php\/wp-json\/wp\/v2\/media\/554"}],"wp:attachment":[{"href":"https:\/\/divasinsumos.com.ar\/index.php\/wp-json\/wp\/v2\/media?parent=598"}],"wp:term":[{"taxonomy":"product_brand","embeddable":true,"href":"https:\/\/divasinsumos.com.ar\/index.php\/wp-json\/wp\/v2\/product_brand?post=598"},{"taxonomy":"product_cat","embeddable":true,"href":"https:\/\/divasinsumos.com.ar\/index.php\/wp-json\/wp\/v2\/product_cat?post=598"},{"taxonomy":"product_tag","embeddable":true,"href":"https:\/\/divasinsumos.com.ar\/index.php\/wp-json\/wp\/v2\/product_tag?post=598"}],"curies":[{"name":"wp","href":"https:\/\/api.w.org\/{rel}","templated":true}]}}