{"id":336,"date":"2023-05-29T12:55:14","date_gmt":"2023-05-29T12:55:14","guid":{"rendered":"https:\/\/divasinsumos.com.ar\/?post_type=product&#038;p=336"},"modified":"2023-11-09T13:21:55","modified_gmt":"2023-11-09T13:21:55","slug":"lash-perm-kit-para-permanente-de-pestanas-lash-lift-completo","status":"publish","type":"product","link":"https:\/\/divasinsumos.com.ar\/index.php\/producto\/lash-perm-kit-para-permanente-de-pestanas-lash-lift-completo\/","title":{"rendered":"Lash Perm Kit Para Permanente De Pesta\u00f1as Lash Lift Completo"},"content":{"rendered":"<p>KIT DE PERMANENTE DE PESTA\u00d1AS LASH PERM<\/p>\n<p>1 POMO GEL PERMANENTE DE PESTA\u00d1AS 15CM3<\/p>\n<p>1 POMO NEUTRALIZANTE DE PESTA\u00d1AS 15 CM3<\/p>\n<p>1 FRASCO DE PEGAMENTO CON PINCEL 11CM3<\/p>\n<p>-10 DE BIGUDIES TAMA\u00d1O LARGE<\/p>\n<p>-10 BIGUDIES TAMA\u00d1O MEDIUM<\/p>\n<p>&#8211; 10 BIGUDIES TAMA\u00d1O SMALL<\/p>\n","protected":false},"excerpt":{"rendered":"<p>KIT DE PERMANENTE DE PESTA\u00d1AS LASH PERM 1 POMO GEL PERMANENTE DE PESTA\u00d1AS 15CM3 1 POMO NEUTRALIZANTE DE PESTA\u00d1AS 15 CM3 1 FRASCO DE PEGAMENTO CON PINCEL 11CM3 -10 DE BIGUDIES TAMA\u00d1O LARGE -10 BIGUDIES TAMA\u00d1O MEDIUM &#8211; 10 BIGUDIES TAMA\u00d1O SMALL<\/p>\n","protected":false},"featured_media":337,"comment_status":"open","ping_status":"closed","template":"","meta":{"_et_pb_use_builder":"","_et_pb_old_content":"","_et_gb_content_width":"","_joinchat":[]},"product_brand":[],"product_cat":[79],"product_tag":[],"class_list":{"0":"post-336","1":"product","2":"type-product","3":"status-publish","4":"has-post-thumbnail","6":"product_cat-pestanas","8":"first","9":"instock","10":"shipping-taxable","11":"purchasable","12":"product-type-simple"},"_links":{"self":[{"href":"https:\/\/divasinsumos.com.ar\/index.php\/wp-json\/wp\/v2\/product\/336","targetHints":{"allow":["GET"]}}],"collection":[{"href":"https:\/\/divasinsumos.com.ar\/index.php\/wp-json\/wp\/v2\/product"}],"about":[{"href":"https:\/\/divasinsumos.com.ar\/index.php\/wp-json\/wp\/v2\/types\/product"}],"replies":[{"embeddable":true,"href":"https:\/\/divasinsumos.com.ar\/index.php\/wp-json\/wp\/v2\/comments?post=336"}],"wp:featuredmedia":[{"embeddable":true,"href":"https:\/\/divasinsumos.com.ar\/index.php\/wp-json\/wp\/v2\/media\/337"}],"wp:attachment":[{"href":"https:\/\/divasinsumos.com.ar\/index.php\/wp-json\/wp\/v2\/media?parent=336"}],"wp:term":[{"taxonomy":"product_brand","embeddable":true,"href":"https:\/\/divasinsumos.com.ar\/index.php\/wp-json\/wp\/v2\/product_brand?post=336"},{"taxonomy":"product_cat","embeddable":true,"href":"https:\/\/divasinsumos.com.ar\/index.php\/wp-json\/wp\/v2\/product_cat?post=336"},{"taxonomy":"product_tag","embeddable":true,"href":"https:\/\/divasinsumos.com.ar\/index.php\/wp-json\/wp\/v2\/product_tag?post=336"}],"curies":[{"name":"wp","href":"https:\/\/api.w.org\/{rel}","templated":true}]}}