{"id":327,"date":"2023-05-29T11:00:28","date_gmt":"2023-05-29T11:00:28","guid":{"rendered":"https:\/\/divasinsumos.com.ar\/?post_type=product&#038;p=327"},"modified":"2023-11-09T13:25:35","modified_gmt":"2023-11-09T13:25:35","slug":"muestrario-abanico-unas-modelo-cuadrada-50u","status":"publish","type":"product","link":"https:\/\/divasinsumos.com.ar\/index.php\/producto\/muestrario-abanico-unas-modelo-cuadrada-50u\/","title":{"rendered":"Muestrario Abanico U\u00f1as Modelo Cuadrada (50u)"},"content":{"rendered":"<p>MUESTRARIO ABANICO PARA ESMALTES<br \/>\nMuestrario para U\u00f1as Cuadradas x 50 unidades + Gancho.<\/p>\n<p>Muestrario abanico de 50 unidades para practica y\/o exhibici\u00f3n de esmaltes.<br \/>\nideal para organizar tus dise\u00f1os, se puede practicar cualquier sistema de u\u00f1as (nail art, esmaltados tradicionales, semipermanentes, kapping, stamping, etc..) Incluye gancho soporte para que puedas tener todos tus dise\u00f1os juntos, poder sacarlos individualmente, y permite que puedas clasificarlos como prefieras.<\/p>\n<p>\u2022 Modelo: Cuadradas<br \/>\n\u2022 Cantidad: 50 u\u00f1as<br \/>\n\u2022 Material: Pl\u00e1stico<br \/>\n\u2022 Formato: Abanico<br \/>\n\u2022 Incluye argolla met\u00e1lica<br \/>\n\u2022 Colores: Cristal \/ Natural<\/p>\n","protected":false},"excerpt":{"rendered":"<p>MUESTRARIO ABANICO PARA ESMALTES Muestrario para U\u00f1as Cuadradas x 50 unidades + Gancho. Muestrario abanico de 50 unidades para practica y\/o exhibici\u00f3n de esmaltes. ideal para organizar tus dise\u00f1os, se puede practicar cualquier sistema de u\u00f1as (nail art, esmaltados tradicionales, semipermanentes, kapping, stamping, etc..) Incluye gancho soporte para que puedas tener todos tus dise\u00f1os juntos, [&hellip;]<\/p>\n","protected":false},"featured_media":328,"comment_status":"open","ping_status":"closed","template":"","meta":{"_et_pb_use_builder":"","_et_pb_old_content":"","_et_gb_content_width":"","_joinchat":[]},"product_brand":[],"product_cat":[33],"product_tag":[],"class_list":{"0":"post-327","1":"product","2":"type-product","3":"status-publish","4":"has-post-thumbnail","6":"product_cat-varios","8":"first","9":"outofstock","10":"shipping-taxable","11":"purchasable","12":"product-type-simple"},"_links":{"self":[{"href":"https:\/\/divasinsumos.com.ar\/index.php\/wp-json\/wp\/v2\/product\/327","targetHints":{"allow":["GET"]}}],"collection":[{"href":"https:\/\/divasinsumos.com.ar\/index.php\/wp-json\/wp\/v2\/product"}],"about":[{"href":"https:\/\/divasinsumos.com.ar\/index.php\/wp-json\/wp\/v2\/types\/product"}],"replies":[{"embeddable":true,"href":"https:\/\/divasinsumos.com.ar\/index.php\/wp-json\/wp\/v2\/comments?post=327"}],"wp:featuredmedia":[{"embeddable":true,"href":"https:\/\/divasinsumos.com.ar\/index.php\/wp-json\/wp\/v2\/media\/328"}],"wp:attachment":[{"href":"https:\/\/divasinsumos.com.ar\/index.php\/wp-json\/wp\/v2\/media?parent=327"}],"wp:term":[{"taxonomy":"product_brand","embeddable":true,"href":"https:\/\/divasinsumos.com.ar\/index.php\/wp-json\/wp\/v2\/product_brand?post=327"},{"taxonomy":"product_cat","embeddable":true,"href":"https:\/\/divasinsumos.com.ar\/index.php\/wp-json\/wp\/v2\/product_cat?post=327"},{"taxonomy":"product_tag","embeddable":true,"href":"https:\/\/divasinsumos.com.ar\/index.php\/wp-json\/wp\/v2\/product_tag?post=327"}],"curies":[{"name":"wp","href":"https:\/\/api.w.org\/{rel}","templated":true}]}}