{"id":76,"date":"2023-05-25T14:25:56","date_gmt":"2023-05-25T14:25:56","guid":{"rendered":"https:\/\/divasinsumos.com.ar\/?page_id=76"},"modified":"2023-05-25T14:45:50","modified_gmt":"2023-05-25T14:45:50","slug":"como-comprar","status":"publish","type":"page","link":"https:\/\/divasinsumos.com.ar\/index.php\/como-comprar\/","title":{"rendered":"C\u00f3mo comprar"},"content":{"rendered":"<p>[et_pb_section fb_built=\u00bb1&#8243; theme_builder_area=\u00bbpost_content\u00bb _builder_version=\u00bb4.21.0&#8243; _module_preset=\u00bbdefault\u00bb background_color=\u00bb#faefed\u00bb hover_enabled=\u00bb0&#8243; sticky_enabled=\u00bb0&#8243;][et_pb_row _builder_version=\u00bb4.21.0&#8243; _module_preset=\u00bbdefault\u00bb theme_builder_area=\u00bbpost_content\u00bb][et_pb_column _builder_version=\u00bb4.21.0&#8243; _module_preset=\u00bbdefault\u00bb type=\u00bb4_4&#8243; theme_builder_area=\u00bbpost_content\u00bb][et_pb_text _builder_version=\u00bb4.21.0&#8243; _module_preset=\u00bbdefault\u00bb theme_builder_area=\u00bbpost_content\u00bb hover_enabled=\u00bb0&#8243; sticky_enabled=\u00bb0&#8243; text_orientation=\u00bbcenter\u00bb]<\/p>\n<h2>PREGUNTAS FRECUENTES:<\/h2>\n<p><strong>Cuando relices tu primer pedido nos vamos a contactar con vos para coordinar en env\u00edo, y te explicaremos todos los detalles de tu pedido. Aguarda nuestro contacto!<\/strong><\/p>\n<p>[\/et_pb_text][\/et_pb_column][\/et_pb_row][\/et_pb_section][et_pb_section fb_built=\u00bb1&#8243; theme_builder_area=\u00bbpost_content\u00bb _builder_version=\u00bb4.21.0&#8243; _module_preset=\u00bbdefault\u00bb background_color=\u00bb#faefed\u00bb hover_enabled=\u00bb0&#8243; sticky_enabled=\u00bb0&#8243; custom_margin=\u00bb-53px|||||\u00bb][et_pb_row _builder_version=\u00bb4.21.0&#8243; _module_preset=\u00bbdefault\u00bb column_structure=\u00bb1_5,3_5,1_5&#8243; theme_builder_area=\u00bbpost_content\u00bb][et_pb_column _builder_version=\u00bb4.21.0&#8243; _module_preset=\u00bbdefault\u00bb type=\u00bb1_5&#8243; theme_builder_area=\u00bbpost_content\u00bb][\/et_pb_column][et_pb_column _builder_version=\u00bb4.21.0&#8243; _module_preset=\u00bbdefault\u00bb type=\u00bb3_5&#8243; theme_builder_area=\u00bbpost_content\u00bb][et_pb_accordion _builder_version=\u00bb4.21.0&#8243; _module_preset=\u00bbdefault\u00bb theme_builder_area=\u00bbpost_content\u00bb hover_enabled=\u00bb0&#8243; sticky_enabled=\u00bb0&#8243; icon_color=\u00bb#916700&#8243; open_toggle_text_color=\u00bb#916700&#8243; toggle_text_color=\u00bb#916700&#8243; closed_toggle_text_color=\u00bb#916700&#8243; body_text_color=\u00bb#916700&#8243;][et_pb_accordion_item title=\u00bbCOMO HAGO MI PRIMERA COMPRA\u00bb _builder_version=\u00bb4.21.0&#8243; _module_preset=\u00bbdefault\u00bb open=\u00bbon\u00bb theme_builder_area=\u00bbpost_content\u00bb hover_enabled=\u00bb0&#8243; sticky_enabled=\u00bb0&#8243; open_toggle_text_color=\u00bb#916700&#8243;]<\/p>\n<p>1 &#8211; Cre\u00e1 un usuario y contrase\u00f1a haciendo click en \u00abMi cuenta\u00bb. Una vez registrado, podr\u00e1s realizar tu primera compra agregando los art\u00edculos que quieras.<\/p>\n<p>\u00abEste paso es opcional ya que puedes realizar compras si estar registrado\u00bb<\/p>\n<p>2 &#8211; Cuando termines de elegirlos, deber\u00e1s hacer click en EL CARRITO, donde ver\u00e1s y confirmar\u00e1s tu pedido.<\/p>\n<p>3 &#8211; Al finalizar, tendr\u00e1s un campo de ACLARACIONES donde podr\u00e1s indicar todas tus dudas y preferencias sobre el pedido.<\/p>\n<p>4 &#8211; Hace click en COMPRAR y listo! Te llegar\u00e1 un email confirmando tu compra.<\/p>\n<p><em>\u00a0<\/em><\/p>\n<p>[\/et_pb_accordion_item][et_pb_accordion_item title=\u00bbCUAL ES EL M\u00cdNIMO DE COMPRA?\u00bb _builder_version=\u00bb4.21.0&#8243; _module_preset=\u00bbdefault\u00bb open=\u00bboff\u00bb theme_builder_area=\u00bbpost_content\u00bb hover_enabled=\u00bb0&#8243; sticky_enabled=\u00bb0&#8243; open_toggle_text_color=\u00bb#916700&#8243; toggle_text_color=\u00bb#916700&#8243;]<\/p>\n<p>Podes armar tu pedido como quieras, sin m\u00ednimo de unidades ni de art\u00edculos. La compra m\u00ednima es de $5.000-ARS y corre tambi\u00e9n para tus reposiciones.<\/p>\n<p>[\/et_pb_accordion_item][et_pb_accordion_item title=\u00bbCOMO RECIBO MI PEDIDO? \u00bb _builder_version=\u00bb4.21.0&#8243; _module_preset=\u00bbdefault\u00bb theme_builder_area=\u00bbpost_content\u00bb hover_enabled=\u00bb0&#8243; sticky_enabled=\u00bb0&#8243; open=\u00bboff\u00bb]<\/p>\n<p>Enviamos a todo el pa\u00eds, a domicilio, una vez que completes la primera compra, te contactaremos para comentarte las opciones disponibles y encontrar la que mejor te resulte!<\/p>\n<p>[\/et_pb_accordion_item][et_pb_accordion_item title=\u00bbSI QUER\u00c9S QUE NOSOTROS TE CONTACTEMOS\u00bb _builder_version=\u00bb4.21.0&#8243; _module_preset=\u00bbdefault\u00bb theme_builder_area=\u00bbpost_content\u00bb open=\u00bboff\u00bb hover_enabled=\u00bb0&#8243; sticky_enabled=\u00bb0&#8243;]<\/p>\n<p>Podes enviar un correo a <a href=\"mailto:898879821he@gmail.com\">divasnails@gmail.com<\/a> con tus inquietudes y tu numero de celular, o bien podes:<\/p>\n<ul>\n<li>Contactarnos por Whatsapp al 1111111111<\/li>\n<li>Llamarnos al 1111111111 de Lunes a Viernes de 09 a 18 Hs<\/li>\n<li>Mandarnos mail a <a href=\"mailto:898879821he@gmail.com\">divasnails@gmail.com<\/a><\/li>\n<\/ul>\n<p>[\/et_pb_accordion_item][\/et_pb_accordion][\/et_pb_column][et_pb_column _builder_version=\u00bb4.21.0&#8243; _module_preset=\u00bbdefault\u00bb type=\u00bb1_5&#8243; theme_builder_area=\u00bbpost_content\u00bb][\/et_pb_column][\/et_pb_row][\/et_pb_section]<\/p>\n","protected":false},"excerpt":{"rendered":"<p>PREGUNTAS FRECUENTES: Cuando relices tu primer pedido nos vamos a contactar con vos para coordinar en env\u00edo, y te explicaremos todos los detalles de tu pedido. Aguarda nuestro contacto!1 &#8211; Cre\u00e1 un usuario y contrase\u00f1a haciendo click en \u00abMi cuenta\u00bb. Una vez registrado, podr\u00e1s realizar tu primera compra agregando los art\u00edculos que quieras. \u00abEste paso [&hellip;]<\/p>\n","protected":false},"author":1,"featured_media":0,"parent":0,"menu_order":0,"comment_status":"closed","ping_status":"closed","template":"","meta":{"_et_pb_use_builder":"on","_et_pb_old_content":"<!-- wp:divi\/placeholder \/-->","_et_gb_content_width":"","_joinchat":[],"footnotes":""},"class_list":["post-76","page","type-page","status-publish","hentry"],"_links":{"self":[{"href":"https:\/\/divasinsumos.com.ar\/index.php\/wp-json\/wp\/v2\/pages\/76","targetHints":{"allow":["GET"]}}],"collection":[{"href":"https:\/\/divasinsumos.com.ar\/index.php\/wp-json\/wp\/v2\/pages"}],"about":[{"href":"https:\/\/divasinsumos.com.ar\/index.php\/wp-json\/wp\/v2\/types\/page"}],"author":[{"embeddable":true,"href":"https:\/\/divasinsumos.com.ar\/index.php\/wp-json\/wp\/v2\/users\/1"}],"replies":[{"embeddable":true,"href":"https:\/\/divasinsumos.com.ar\/index.php\/wp-json\/wp\/v2\/comments?post=76"}],"version-history":[{"count":8,"href":"https:\/\/divasinsumos.com.ar\/index.php\/wp-json\/wp\/v2\/pages\/76\/revisions"}],"predecessor-version":[{"id":89,"href":"https:\/\/divasinsumos.com.ar\/index.php\/wp-json\/wp\/v2\/pages\/76\/revisions\/89"}],"wp:attachment":[{"href":"https:\/\/divasinsumos.com.ar\/index.php\/wp-json\/wp\/v2\/media?parent=76"}],"curies":[{"name":"wp","href":"https:\/\/api.w.org\/{rel}","templated":true}]}}