{"id":19,"date":"2023-05-25T13:05:36","date_gmt":"2023-05-25T13:05:36","guid":{"rendered":"https:\/\/divasinsumos.com.ar\/?page_id=19"},"modified":"2023-05-25T14:19:04","modified_gmt":"2023-05-25T14:19:04","slug":"quienes-somos","status":"publish","type":"page","link":"https:\/\/divasinsumos.com.ar\/index.php\/quienes-somos\/","title":{"rendered":"Quienes somos"},"content":{"rendered":"<p>[et_pb_section fb_built=\u00bb1&#8243; fullwidth=\u00bbon\u00bb theme_builder_area=\u00bbpost_content\u00bb _builder_version=\u00bb4.21.0&#8243; _module_preset=\u00bbdefault\u00bb][et_pb_fullwidth_slider _builder_version=\u00bb4.21.0&#8243; _module_preset=\u00bbdefault\u00bb theme_builder_area=\u00bbpost_content\u00bb hover_enabled=\u00bb0&#8243; sticky_enabled=\u00bb0&#8243;][et_pb_slide heading=\u00bbQUIENES SOMOS\u00bb _builder_version=\u00bb4.21.0&#8243; _module_preset=\u00bbdefault\u00bb theme_builder_area=\u00bbpost_content\u00bb title_text=\u00bbquienes somos\u00bb background_image=\u00bbhttp:\/\/divasinsumos.com.ar\/wp-content\/uploads\/2023\/05\/quienes-somos.png\u00bb background_enable_image=\u00bbon\u00bb text_orientation=\u00bbleft\u00bb hover_enabled=\u00bb0&#8243; sticky_enabled=\u00bb0&#8243;][\/et_pb_slide][\/et_pb_fullwidth_slider][\/et_pb_section][et_pb_section fb_built=\u00bb1&#8243; theme_builder_area=\u00bbpost_content\u00bb _builder_version=\u00bb4.21.0&#8243; _module_preset=\u00bbdefault\u00bb background_color=\u00bb#faefed\u00bb hover_enabled=\u00bb0&#8243; sticky_enabled=\u00bb0&#8243;][et_pb_row _builder_version=\u00bb4.21.0&#8243; _module_preset=\u00bbdefault\u00bb column_structure=\u00bb1_2,1_2&#8243; theme_builder_area=\u00bbpost_content\u00bb][et_pb_column _builder_version=\u00bb4.21.0&#8243; _module_preset=\u00bbdefault\u00bb type=\u00bb1_2&#8243; theme_builder_area=\u00bbpost_content\u00bb][et_pb_image src=\u00bbhttp:\/\/divasinsumos.com.ar\/wp-content\/uploads\/2023\/05\/quienes-somos1.png\u00bb _builder_version=\u00bb4.21.0&#8243; _module_preset=\u00bbdefault\u00bb theme_builder_area=\u00bbpost_content\u00bb hover_enabled=\u00bb0&#8243; sticky_enabled=\u00bb0&#8243; title_text=\u00bbquienes somos1&#8243; box_shadow_style=\u00bbpreset2&#8243; border_radii=\u00bbon|10px|10px|10px|10px\u00bb][\/et_pb_image][et_pb_image src=\u00bbhttp:\/\/divasinsumos.com.ar\/wp-content\/uploads\/2023\/05\/Logo-Divas-insumos.jpg\u00bb _builder_version=\u00bb4.21.0&#8243; _module_preset=\u00bbdefault\u00bb theme_builder_area=\u00bbpost_content\u00bb title_text=\u00bbLogo Divas insumos\u00bb align=\u00bbcenter\u00bb hover_enabled=\u00bb0&#8243; sticky_enabled=\u00bb0&#8243;][\/et_pb_image][\/et_pb_column][et_pb_column _builder_version=\u00bb4.21.0&#8243; _module_preset=\u00bbdefault\u00bb type=\u00bb1_2&#8243; theme_builder_area=\u00bbpost_content\u00bb][et_pb_text _builder_version=\u00bb4.21.0&#8243; _module_preset=\u00bbdefault\u00bb theme_builder_area=\u00bbpost_content\u00bb hover_enabled=\u00bb0&#8243; sticky_enabled=\u00bb0&#8243; text_font_size=\u00bb18px\u00bb]<\/p>\n<p>Bienvenidos a Divas Insumos.<\/p>\n<p>En Divas Insumos, nos enorgullece ser tu proveedor confiable de todo lo necesario para crear u\u00f1as hermosas y elegantes. Somos una tienda dedicada a ofrecer una amplia gama de productos de alta calidad y las \u00faltimas tendencias en el mundo de las u\u00f1as.<\/p>\n<p>Nuestra misi\u00f3n es proporcionar a nuestros clientes los insumos necesarios para que puedan expresar su estilo personal a trav\u00e9s de sus u\u00f1as. Entendemos que las u\u00f1as son una forma de arte y una manera de destacar la belleza individual. Por eso, nos esforzamos por ofrecer productos de primera calidad y las \u00faltimas innovaciones en el mercado.<\/p>\n<p>En Divas Insumos, encontrar\u00e1s una amplia selecci\u00f3n de esmaltes, geles, acr\u00edlicos, pinceles, limas, y todo tipo de herramientas y accesorios necesarios para la creaci\u00f3n de u\u00f1as profesionales. Trabajamos con marcas reconocidas y confiables en la industria para asegurarnos de que nuestros clientes obtengan productos duraderos y de alto rendimiento.<\/p>\n<p>Adem\u00e1s de nuestra amplia gama de productos, nuestro equipo est\u00e1 compuesto por expertos en el campo de las u\u00f1as. Estamos aqu\u00ed para ofrecerte asesoramiento y gu\u00eda personalizada en la elecci\u00f3n de productos, t\u00e9cnicas de aplicaci\u00f3n y tendencias actuales. Valoramos a nuestros clientes y nos esforzamos por brindar un servicio excepcional, respondiendo a todas tus preguntas y necesidades.<\/p>\n<p>\u00a1Gracias por visitar Divas Insumos! Esperamos que encuentres todo lo que necesitas para crear u\u00f1as \u00fanicas y espectaculares. Estamos aqu\u00ed para ayudarte a resaltar tu belleza y confiamos en que encontrar\u00e1s en nosotros el socio perfecto para tus necesidades de insumos de u\u00f1as.<\/p>\n<p>[\/et_pb_text][\/et_pb_column][\/et_pb_row][\/et_pb_section]<\/p>\n","protected":false},"excerpt":{"rendered":"<p>Bienvenidos a Divas Insumos. En Divas Insumos, nos enorgullece ser tu proveedor confiable de todo lo necesario para crear u\u00f1as hermosas y elegantes. Somos una tienda dedicada a ofrecer una amplia gama de productos de alta calidad y las \u00faltimas tendencias en el mundo de las u\u00f1as. Nuestra misi\u00f3n es proporcionar a nuestros clientes los [&hellip;]<\/p>\n","protected":false},"author":1,"featured_media":0,"parent":0,"menu_order":0,"comment_status":"closed","ping_status":"closed","template":"","meta":{"_et_pb_use_builder":"on","_et_pb_old_content":"<!-- wp:divi\/placeholder \/-->","_et_gb_content_width":"","_joinchat":[],"footnotes":""},"class_list":["post-19","page","type-page","status-publish","hentry"],"_links":{"self":[{"href":"https:\/\/divasinsumos.com.ar\/index.php\/wp-json\/wp\/v2\/pages\/19","targetHints":{"allow":["GET"]}}],"collection":[{"href":"https:\/\/divasinsumos.com.ar\/index.php\/wp-json\/wp\/v2\/pages"}],"about":[{"href":"https:\/\/divasinsumos.com.ar\/index.php\/wp-json\/wp\/v2\/types\/page"}],"author":[{"embeddable":true,"href":"https:\/\/divasinsumos.com.ar\/index.php\/wp-json\/wp\/v2\/users\/1"}],"replies":[{"embeddable":true,"href":"https:\/\/divasinsumos.com.ar\/index.php\/wp-json\/wp\/v2\/comments?post=19"}],"version-history":[{"count":7,"href":"https:\/\/divasinsumos.com.ar\/index.php\/wp-json\/wp\/v2\/pages\/19\/revisions"}],"predecessor-version":[{"id":73,"href":"https:\/\/divasinsumos.com.ar\/index.php\/wp-json\/wp\/v2\/pages\/19\/revisions\/73"}],"wp:attachment":[{"href":"https:\/\/divasinsumos.com.ar\/index.php\/wp-json\/wp\/v2\/media?parent=19"}],"curies":[{"name":"wp","href":"https:\/\/api.w.org\/{rel}","templated":true}]}}